{"id":3,"date":"2024-04-24T10:43:26","date_gmt":"2024-04-24T08:43:26","guid":{"rendered":"http:\/\/shootingfinances.fr\/?page_id=3"},"modified":"2024-07-10T16:19:14","modified_gmt":"2024-07-10T14:19:14","slug":"politique-de-confidentialite","status":"publish","type":"page","link":"https:\/\/shootingfinances.fr\/index.php\/politique-de-confidentialite\/","title":{"rendered":"Mentions l\u00e9gales  &amp; Politique de confidentialit\u00e9"},"content":{"rendered":"\t\t<div data-elementor-type=\"wp-page\" data-elementor-id=\"3\" class=\"elementor elementor-3\">\n\t\t\t\t\t\t<section class=\"elementor-section elementor-top-section elementor-element elementor-element-489b691 elementor-section-boxed elementor-section-height-default elementor-section-height-default\" data-id=\"489b691\" data-element_type=\"section\">\n\t\t\t\t\t\t<div class=\"elementor-container elementor-column-gap-default\">\n\t\t\t\t\t<div class=\"aux-parallax-section elementor-column elementor-col-100 elementor-top-column elementor-element elementor-element-48dde727\" data-id=\"48dde727\" data-element_type=\"column\">\n\t\t\t<div class=\"elementor-widget-wrap elementor-element-populated\">\n\t\t\t\t\t\t<div class=\"elementor-element elementor-element-2bed1ca2 elementor-widget elementor-widget-text-editor\" data-id=\"2bed1ca2\" data-element_type=\"widget\" data-widget_type=\"text-editor.default\">\n\t\t\t\t<div class=\"elementor-widget-container\">\n\t\t\t\t\t\t\t<p><!-- wp:heading --><\/p>\n<h1>Mentions l\u00e9gales<\/h1>\n<p>Toute personne physique acc\u00e9dant au site internet \u00e0 l\u2019adresse URL shootingfinances.fr d\u00e9clare avoir pris au pr\u00e9alable connaissance des termes et conditions ci-dessous et les avoir accept\u00e9s int\u00e9gralement et sans r\u00e9serve.<\/p>\n<p><!-- \/wp:heading --><!-- wp:paragraph --><\/p>\n<p><!-- \/wp:paragraph --><!-- wp:heading --><\/p>\n<h2>1. INFORMATIONS L\u00c9GALES<\/h2>\n<p><!-- \/wp:heading --><!-- wp:paragraph --><\/p>\n<h2>1.1. Identit\u00e9 de l&rsquo;\u00e9diteur du site<\/h2>\n<p>Annick CERNIAC &#8211; ShootingFinances<br \/>6 Bis chemin de la Boisbonni\u00e8re &#8211; 44300 Nantes<br \/>La directrice de la publication est Annick CERNIAC<br \/>Le num\u00e9ro SIREN est 928 090 729<\/p>\n<p><!-- \/wp:paragraph --><!-- wp:paragraph --><\/p>\n<p><!-- \/wp:paragraph --><!-- wp:heading --><\/p>\n<h2>1.2. Identit\u00e9 du cr\u00e9ateur du Site<\/h2>\n<p><!-- \/wp:heading --><!-- wp:paragraph --><\/p>\n<p>Johann Lamour<br \/>Directeur Artistique \u2013 Graphiste<br \/><a href=\"http:\/\/www.lj-graphic-designer.com\/\">lj-graphic-designer.com<\/a><\/p>\n<h2>1.3. Identit\u00e9 des photographes du Site<\/h2>\n<p><!-- \/wp:heading --><!-- wp:paragraph --><\/p>\n<p>Manuella Aubin Photographie<br \/><a href=\"https:\/\/www.manuella-aubin.fr\/\">https:\/\/www.manuella-aubin.fr\/wp-admin\/<\/a><\/p>\n<p>Envato elements<br \/><a href=\"https:\/\/elements.envato.com\/\">https:\/\/elements.envato.com\/<\/a><\/p>\n<p><!-- \/wp:paragraph --><!-- wp:heading --><\/p>\n<h2>1.4. Identit\u00e9 de l\u2019h\u00e9bergeur du Site<\/h2>\n<p><!-- \/wp:heading --><!-- wp:paragraph --><\/p>\n<p>OVH SAS<br \/>2 rue Kellermann \u2013 59100 Roubaix \u2013 France<\/p>\n<p><!-- \/wp:paragraph --><!-- wp:heading --><\/p>\n<h2>2. Donn\u00e9es personnelles des internautes<\/h2>\n<p><!-- \/wp:heading --><!-- wp:paragraph --><\/p>\n<p><strong>2.1. Informations relatives \u00e0 la collecte de donn\u00e9es nominatives et \u00e0 la protection de la vie priv\u00e9e<\/strong><br \/>Conform\u00e9ment \u00e0 la loi n\u00b0 78-17 du 6 janvier 1978 relative \u00e0 l\u2019informatique, aux fichiers et aux libert\u00e9s modifi\u00e9e par la loi n\u00b0 2004-801 du 6 ao\u00fbt 2004, les donn\u00e9es \u00e0 caract\u00e8re personnel de chaque Internaute (y incluant l\u2019adresse de courrier \u00e9lectronique et l\u2019adresse IP) qui sont susceptibles d\u2019\u00eatre collect\u00e9es sur le Site ne sont conserv\u00e9es et utilis\u00e9es par l&rsquo;entreprise qu\u2019aux seules fins de communiquer avec l\u2019Internaute (et, pour les adresses IP, aux fins de contr\u00f4ler le fonctionnement du Site et\/ou assurer sa s\u00e9curit\u00e9).<br \/>Les donn\u00e9es \u00e0 caract\u00e8re personnel de chaque Internaute ne sont pas c\u00e9d\u00e9es, transf\u00e9r\u00e9es ou lou\u00e9es \u00e0 des tiers \u00e9tablis dans l\u2019Union Europ\u00e9enne ou hors de l\u2019Union Europ\u00e9enne.<br \/>Chaque Internaute dont les donn\u00e9es \u00e0 caract\u00e8re personnel sont collect\u00e9es ou trait\u00e9es par l&rsquo;entreprise par l\u2019interm\u00e9diaire du Site dispose d\u2019un droit d\u2019acc\u00e8s, d\u2019opposition et de rectification de ses donn\u00e9es. Il peut exiger que soient rectifi\u00e9es, compl\u00e9t\u00e9es, mises \u00e0 jour ou effac\u00e9es les informations le concernant et peut exercer ses droits en contactant l&rsquo;entreprise par voie postale \u00e0 l\u2019adresse suivante : <span style=\"letter-spacing: 0.1px;\">6 Bis chemin de la Boisbonni\u00e8re &#8211; 44300 Nantes<\/span>. L\u2019entreprise s\u2019engage \u00e0 faire ses meilleurs efforts, dans le respect des standards en vigueur, pour prot\u00e9ger les donn\u00e9es \u00e0 caract\u00e8re personnel afin notamment d\u2019emp\u00eacher qu\u2019elles ne soient d\u00e9form\u00e9es, endommag\u00e9es ou communiqu\u00e9es \u00e0 des tiers non autoris\u00e9s.<\/p>\n<p><strong>2.2. D\u00e9claration CNIL du fichier<\/strong><br \/>Le traitement de donn\u00e9es personnelles utilis\u00e9es dans le cadre de l\u2019exploitation du Site a fait l\u2019objet d\u2019une d\u00e9claration aupr\u00e8s de la Commission nationale informatique et libert\u00e9s (CNIL) enregistr\u00e9e.<br \/><strong><br \/>2.3. Cookies<\/strong><br \/>Le traitement de donn\u00e9es personnelles utilis\u00e9es dans le cadre de l\u2019exploitation du Site a fait l\u2019objet d\u2019une d\u00e9claration aupr\u00e8s de la Commission nationale informatique et libert\u00e9s (CNIL) enregistr\u00e9e.<\/p>\n<p><!-- \/wp:paragraph --><!-- wp:heading --><\/p>\n<h2>3. Propri\u00e9t\u00e9 intellectuelle<\/h2>\n<p><!-- \/wp:heading --><!-- wp:paragraph --><\/p>\n<p><!-- \/wp:heading --><!-- wp:paragraph --><\/p>\n<p><!-- \/wp:heading --><!-- wp:paragraph --><\/p>\n<p>L\u2019entreprise est titulaire de l\u2019ensemble des droits de propri\u00e9t\u00e9 intellectuelle attach\u00e9s au Site et \u00e0 tous \u00e9l\u00e9ments informatiques ou graphiques tels que, sans limitation, textes, photos, illustrations, \u0153uvres multim\u00e9dia, nuage de mots-cl\u00e9s, bases de donn\u00e9es, codes informatiques, etc. et ce pour toute la dur\u00e9e des droits d\u2019auteur et dans le monde entier.<br \/>Toute utilisation ou reproduction totale ou partielle, \u00e0 titre on\u00e9reux ou gratuit, du Site ou de l\u2019un quelconque de ses \u00e9l\u00e9ments prot\u00e9g\u00e9s par le droit de la propri\u00e9t\u00e9 intellectuelle est strictement interdite, sauf accord expr\u00e8s, \u00e9crit et pr\u00e9alable de l\u2019entreprise, et sous r\u00e9serve de ce qui est mentionn\u00e9 \u00e0 l\u2019alin\u00e9a ci-apr\u00e8s.<br \/>L\u2019Internaute n\u2019est autoris\u00e9 qu\u2019\u00e0 repr\u00e9senter une (ou plusieurs) page(s) du Site ou l\u2019un quelconque de ses \u00e9l\u00e9ments prot\u00e9g\u00e9s par le droit de la propri\u00e9t\u00e9 intellectuelle, temporairement et sur son propre ordinateur, dans le seul but d\u2019en faciliter la consultation.<br \/>L\u2019Internaute peut \u00e9galement t\u00e9l\u00e9charger ou reproduire m\u00eame de mani\u00e8re durable et sur tous supports toutes publications telles que newsletter, brochures, ou fiches d\u2019information, sp\u00e9cialement identifi\u00e9es \u00e0 cet effet (notamment lorsqu\u2019elles sont reproduites au format .pdf ou lorsqu\u2019elles sont identifi\u00e9es pour \u00eatre imprim\u00e9es), sous r\u00e9serve que cette reproduction ou repr\u00e9sentation ne soit faite qu\u2019\u00e0 des fins strictement personnelles et non commerciales. Dans tous les cas, l\u2019Internaute ne pourra diffuser \u00e0 des tiers les documents qu\u2019il aura t\u00e9l\u00e9charg\u00e9s ou imprim\u00e9s. Toute courte citation de l\u2019un quelconque des \u00e9l\u00e9ments du Site prot\u00e9g\u00e9s par le droit de la propri\u00e9t\u00e9 intellectuelle devra imp\u00e9rativement, afin de respecter le droit moral de l\u2019entreprise, reproduire cette citation : \u00ab extrait du Site web de Shooting Finances\u00bb, avec le titre du document et le cas \u00e9ch\u00e9ant son auteur.<\/p>\n<p><!-- \/wp:paragraph --><!-- wp:heading --><\/p>\n<h2>4. Usage du site par les internautes<\/h2>\n<p><!-- \/wp:heading --><!-- wp:paragraph --><\/p>\n<p><!-- \/wp:heading --><!-- wp:paragraph --><\/p>\n<p><!-- \/wp:heading --><!-- wp:paragraph --><\/p>\n<p><strong>4.1. Limitation de responsabilit\u00e9<\/strong><br \/>L\u2019entreprise ne saurait \u00eatre tenu responsable de l\u2019utilisation par l\u2019Internaute des informations, donn\u00e9es et publications reproduites sur le Site et\/ou t\u00e9l\u00e9chargeables \u00e0 partir du Site. Ces informations, donn\u00e9es et publications ne peuvent eu aucun cas constituer un avis juridique et ne sont donn\u00e9es qu\u2019\u00e0 titre informatif, sans \u00eatre exhaustif. L\u2019entreprise ne pourra en aucun cas \u00eatre tenu responsable de tout dommage, de quelque nature qu\u2019il soit, direct ou indirect, immat\u00e9riel ou cons\u00e9cutif, r\u00e9sultant de l\u2019impossibilit\u00e9 d\u2019utilisation ou d\u2019acc\u00e8s au Site ou de l\u2019utilisation par tout Internaute des informations, donn\u00e9es ou publications du Site.<\/p>\n<p><strong>4.2. Cr\u00e9ation de liens hypertextes d\u2019autres sites web vers le Site<br \/><\/strong>Aucun lien hypertexte ne peut \u00eatre cr\u00e9\u00e9 par un Internaute (ou tout autre tiers) vers le Site (ou l\u2019une quelconques des pages de Site) sans l\u2019accord pr\u00e9alable, \u00e9crit et expr\u00e8s de l\u2019entreprise. En toute hypoth\u00e8se, la cr\u00e9ation de tels liens hypertextes est formellement exclue pour tous sites diffusant des informations \u00e0 caract\u00e8re raciste, pornographique ou x\u00e9nophobe. Les liens hypertextes autoris\u00e9s ne pourront pointer que vers le Site de l&rsquo;entreprise en mentionnant son adresse URL ( shootingfinances.fr ), \u00e0 l\u2019exclusion de toute int\u00e9gration directe de l\u2019un quelconque des \u00e9l\u00e9ments du Site \u00e0 l\u2019int\u00e9rieur des pages du site web pointant vers le Site (de type framing) et de toute utilisation de technique du lien profond (type deep linking). Tout site web dont le lien vers le Site aura \u00e9t\u00e9 autoris\u00e9 par l\u2019entreprise ne pourra utiliser ce lien qu\u2019\u00e0 des fins professionnelles ou d\u2019information (\u00e0 l\u2019exclusion de toute activit\u00e9 commerciale ou publicitaire). Le pointeur mat\u00e9rialisant le lien hypertexte sur le site web liant pourra, apr\u00e8s accord expr\u00e8s et pr\u00e9alable de l\u2019entreprise, reproduire le logo de l\u2019entreprise.<\/p>\n<p><!-- \/wp:paragraph --><!-- wp:heading --><\/p>\n<h2>\u00a0<\/h2>\n<p><!-- \/wp:paragraph --><\/p>\t\t\t\t\t\t<\/div>\n\t\t\t\t<\/div>\n\t\t\t\t\t<\/div>\n\t\t<\/div>\n\t\t\t\t\t<\/div>\n\t\t<\/section>\n\t\t\t\t<section class=\"elementor-section elementor-top-section elementor-element elementor-element-89d73ca elementor-section-boxed elementor-section-height-default elementor-section-height-default\" data-id=\"89d73ca\" data-element_type=\"section\">\n\t\t\t\t\t\t<div class=\"elementor-container elementor-column-gap-default\">\n\t\t\t\t\t<div class=\"aux-parallax-section elementor-column elementor-col-100 elementor-top-column elementor-element elementor-element-ffaff2e\" data-id=\"ffaff2e\" data-element_type=\"column\">\n\t\t\t<div class=\"elementor-widget-wrap elementor-element-populated\">\n\t\t\t\t\t\t<div class=\"elementor-element elementor-element-bdeae19 elementor-widget elementor-widget-text-editor\" data-id=\"bdeae19\" data-element_type=\"widget\" data-widget_type=\"text-editor.default\">\n\t\t\t\t<div class=\"elementor-widget-container\">\n\t\t\t\t\t\t\t<!-- wp:heading -->\n<h1>Politique de confidentialit\u00e9<\/h1>\n<h2 class=\"wp-block-heading\">Qui sommes-nous\u00a0?<\/h2>\n<!-- \/wp:heading --><!-- wp:paragraph -->\n<p>L\u2019adresse de notre site est\u00a0: https:\/\/shootingfinances.fr.<\/p>\n<!-- \/wp:paragraph --><!-- wp:heading -->\n<h2 class=\"wp-block-heading\">Commentaires<\/h2>\n<!-- \/wp:heading --><!-- wp:paragraph -->\n<p>Quand vous laissez un commentaire sur notre site, les donn\u00e9es inscrites dans le formulaire de commentaire, ainsi que votre adresse IP et l\u2019agent utilisateur de votre navigateur sont collect\u00e9s pour nous aider \u00e0 la d\u00e9tection des commentaires ind\u00e9sirables.<\/p>\n<!-- \/wp:paragraph --><!-- wp:paragraph -->\n<p>Une cha\u00eene anonymis\u00e9e cr\u00e9\u00e9e \u00e0 partir de votre adresse e-mail (\u00e9galement appel\u00e9e hash) peut \u00eatre envoy\u00e9e au service Gravatar pour v\u00e9rifier si vous utilisez ce dernier. Les clauses de confidentialit\u00e9 du service Gravatar sont disponibles ici\u00a0: https:\/\/automattic.com\/privacy\/. Apr\u00e8s validation de votre commentaire, votre photo de profil sera visible publiquement \u00e0 cot\u00e9 de votre commentaire.<\/p>\n<!-- \/wp:paragraph --><!-- wp:heading -->\n<h2 class=\"wp-block-heading\">M\u00e9dias<\/h2>\n<!-- \/wp:heading --><!-- wp:paragraph -->\n<p>Si vous t\u00e9l\u00e9versez des images sur le site, nous vous conseillons d\u2019\u00e9viter de t\u00e9l\u00e9verser des images contenant des donn\u00e9es EXIF de coordonn\u00e9es GPS. Les personnes visitant votre site peuvent t\u00e9l\u00e9charger et extraire des donn\u00e9es de localisation depuis ces images.<\/p>\n<!-- \/wp:paragraph --><!-- wp:heading -->\n<h2 class=\"wp-block-heading\">Cookies<\/h2>\n<!-- \/wp:heading --><!-- wp:paragraph -->\n<p><strong class=\"privacy-policy-tutorial\">Texte sugg\u00e9r\u00e9\u00a0: <\/strong>Si vous d\u00e9posez un commentaire sur notre site, il vous sera propos\u00e9 d\u2019enregistrer votre nom, adresse e-mail et site dans des cookies. C\u2019est uniquement pour votre confort afin de ne pas avoir \u00e0 saisir ces informations si vous d\u00e9posez un autre commentaire plus tard. Ces cookies expirent au bout d\u2019un an.<\/p>\n<!-- \/wp:paragraph --><!-- wp:paragraph -->\n<p>Si vous vous rendez sur la page de connexion, un cookie temporaire sera cr\u00e9\u00e9 afin de d\u00e9terminer si votre navigateur accepte les cookies. Il ne contient pas de donn\u00e9es personnelles et sera supprim\u00e9 automatiquement \u00e0 la fermeture de votre navigateur.<\/p>\n<!-- \/wp:paragraph --><!-- wp:paragraph -->\n<p>Lorsque vous vous connecterez, nous mettrons en place un certain nombre de cookies pour enregistrer vos informations de connexion et vos pr\u00e9f\u00e9rences d\u2019\u00e9cran. La dur\u00e9e de vie d\u2019un cookie de connexion est de deux jours, celle d\u2019un cookie d\u2019option d\u2019\u00e9cran est d\u2019un an. Si vous cochez \u00ab\u00a0Se souvenir de moi\u00a0\u00bb, votre cookie de connexion sera conserv\u00e9 pendant deux semaines. Si vous vous d\u00e9connectez de votre compte, le cookie de connexion sera effac\u00e9.<\/p>\n<!-- \/wp:paragraph --><!-- wp:paragraph -->\n<p>En modifiant ou en publiant une publication, un cookie suppl\u00e9mentaire sera enregistr\u00e9 dans votre navigateur. Ce cookie ne comprend aucune donn\u00e9e personnelle. Il indique simplement l\u2019ID de la publication que vous venez de modifier. Il expire au bout d\u2019un jour.<\/p>\n<!-- \/wp:paragraph --><!-- wp:heading -->\n<h2 class=\"wp-block-heading\">Contenu embarqu\u00e9 depuis d\u2019autres sites<\/h2>\n<!-- \/wp:heading --><!-- wp:paragraph -->\n<p>Les articles de ce site peuvent inclure des contenus int\u00e9gr\u00e9s (par exemple des vid\u00e9os, images, articles\u2026). Le contenu int\u00e9gr\u00e9 depuis d\u2019autres sites se comporte de la m\u00eame mani\u00e8re que si le visiteur se rendait sur cet autre site.<\/p>\n<!-- \/wp:paragraph --><!-- wp:paragraph -->\n<p>Ces sites web pourraient collecter des donn\u00e9es sur vous, utiliser des cookies, embarquer des outils de suivis tiers, suivre vos interactions avec ces contenus embarqu\u00e9s si vous disposez d\u2019un compte connect\u00e9 sur leur site web.<\/p>\n<!-- \/wp:paragraph --><!-- wp:heading -->\n<h2 class=\"wp-block-heading\">Utilisation et transmission de vos donn\u00e9es personnelles<\/h2>\n<!-- \/wp:heading --><!-- wp:paragraph -->\n<p>Si vous demandez une r\u00e9initialisation de votre mot de passe, votre adresse IP sera incluse dans l\u2019e-mail de r\u00e9initialisation.<\/p>\n<!-- \/wp:paragraph --><!-- wp:heading -->\n<h2 class=\"wp-block-heading\">Dur\u00e9es de stockage de vos donn\u00e9es<\/h2>\n<!-- \/wp:heading --><!-- wp:paragraph -->\n<p>Si vous laissez un commentaire, le commentaire et ses m\u00e9tadonn\u00e9es sont conserv\u00e9s ind\u00e9finiment. Cela permet de reconna\u00eetre et approuver automatiquement les commentaires suivants au lieu de les laisser dans la file de mod\u00e9ration.<\/p>\n<!-- \/wp:paragraph --><!-- wp:paragraph -->\n<p>Pour les comptes qui s\u2019inscrivent sur notre site (le cas \u00e9ch\u00e9ant), nous stockons \u00e9galement les donn\u00e9es personnelles indiqu\u00e9es dans leur profil. Tous les comptes peuvent voir, modifier ou supprimer leurs informations personnelles \u00e0 tout moment (\u00e0 l\u2019exception de leur identifiant). Les gestionnaires du site peuvent aussi voir et modifier ces informations.<\/p>\n<!-- \/wp:paragraph --><!-- wp:heading -->\n<h2 class=\"wp-block-heading\">Les droits que vous avez sur vos donn\u00e9es<\/h2>\n<!-- \/wp:heading --><!-- wp:paragraph -->\n<p>Si vous avez un compte ou si vous avez laiss\u00e9 des commentaires sur le site, vous pouvez demander \u00e0 recevoir un fichier contenant toutes les donn\u00e9es personnelles que nous poss\u00e9dons \u00e0 votre sujet, incluant celles que vous nous avez fournies. Vous pouvez \u00e9galement demander la suppression des donn\u00e9es personnelles vous concernant. Cela ne prend pas en compte les donn\u00e9es stock\u00e9es \u00e0 des fins administratives, l\u00e9gales ou pour des raisons de s\u00e9curit\u00e9.<\/p>\n<!-- \/wp:paragraph --><!-- wp:heading -->\n<h2 class=\"wp-block-heading\">Transmission de vos donn\u00e9es personnelles<\/h2>\n<!-- \/wp:heading --><!-- wp:paragraph -->\n<p>Les commentaires des visiteurs peuvent \u00eatre v\u00e9rifi\u00e9s \u00e0 l\u2019aide d\u2019un service automatis\u00e9 de d\u00e9tection des commentaires ind\u00e9sirables.<\/p>\n<!-- \/wp:paragraph -->\t\t\t\t\t\t<\/div>\n\t\t\t\t<\/div>\n\t\t\t\t\t<\/div>\n\t\t<\/div>\n\t\t\t\t\t<\/div>\n\t\t<\/section>\n\t\t\t\t<\/div>\n\t\t","protected":false},"excerpt":{"rendered":"<p>Mentions l\u00e9gales Toute personne physique acc\u00e9dant au site internet \u00e0 l\u2019adresse URL shootingfinances.fr d\u00e9clare avoir pris au pr\u00e9alable connaissance des termes et conditions ci-dessous et les avoir accept\u00e9s int\u00e9gralement et sans r\u00e9serve. 1. INFORMATIONS L\u00c9GALES 1.1. Identit\u00e9 de l&rsquo;\u00e9diteur du site Annick CERNIAC &#8211; ShootingFinances6 Bis chemin de la Boisbonni\u00e8re &#8211; 44300 NantesLa directrice de [&hellip;]<\/p>\n","protected":false},"author":1,"featured_media":0,"parent":0,"menu_order":0,"comment_status":"closed","ping_status":"open","template":"","meta":{"footnotes":""},"class_list":["post-3","page","type-page","status-publish","hentry"],"_links":{"self":[{"href":"https:\/\/shootingfinances.fr\/index.php\/wp-json\/wp\/v2\/pages\/3","targetHints":{"allow":["GET"]}}],"collection":[{"href":"https:\/\/shootingfinances.fr\/index.php\/wp-json\/wp\/v2\/pages"}],"about":[{"href":"https:\/\/shootingfinances.fr\/index.php\/wp-json\/wp\/v2\/types\/page"}],"author":[{"embeddable":true,"href":"https:\/\/shootingfinances.fr\/index.php\/wp-json\/wp\/v2\/users\/1"}],"replies":[{"embeddable":true,"href":"https:\/\/shootingfinances.fr\/index.php\/wp-json\/wp\/v2\/comments?post=3"}],"version-history":[{"count":3,"href":"https:\/\/shootingfinances.fr\/index.php\/wp-json\/wp\/v2\/pages\/3\/revisions"}],"predecessor-version":[{"id":2895,"href":"https:\/\/shootingfinances.fr\/index.php\/wp-json\/wp\/v2\/pages\/3\/revisions\/2895"}],"wp:attachment":[{"href":"https:\/\/shootingfinances.fr\/index.php\/wp-json\/wp\/v2\/media?parent=3"}],"curies":[{"name":"wp","href":"https:\/\/api.w.org\/{rel}","templated":true}]}}